{"id":439,"date":"2020-08-07T18:09:50","date_gmt":"2020-08-07T21:09:50","guid":{"rendered":"https:\/\/www.espacoamazonico.com.br\/?page_id=439"},"modified":"2020-08-24T22:43:04","modified_gmt":"2020-08-25T01:43:04","slug":"sobre-o-autor-2","status":"publish","type":"page","link":"https:\/\/www.espacoamazonico.com.br\/?page_id=439","title":{"rendered":"Sobre o Autor"},"content":{"rendered":"\n<p>JOS\u00c9 ROBERTO DE SOUZA CAVALCANTE<\/p>\n\n\n\n<p><img decoding=\"async\" loading=\"lazy\" width=\"1707\" height=\"2560\" class=\"wp-image-440\" style=\"width: 170px;\" src=\"https:\/\/www.espacoamazonico.com.br\/wp-content\/uploads\/2020\/08\/IMG_6126-scaled.jpg\" align=\"left\" srcset=\"https:\/\/www.espacoamazonico.com.br\/wp-content\/uploads\/2020\/08\/IMG_6126-scaled.jpg 1707w, https:\/\/www.espacoamazonico.com.br\/wp-content\/uploads\/2020\/08\/IMG_6126-200x300.jpg 200w, https:\/\/www.espacoamazonico.com.br\/wp-content\/uploads\/2020\/08\/IMG_6126-683x1024.jpg 683w, https:\/\/www.espacoamazonico.com.br\/wp-content\/uploads\/2020\/08\/IMG_6126-768x1152.jpg 768w, https:\/\/www.espacoamazonico.com.br\/wp-content\/uploads\/2020\/08\/IMG_6126-1024x1536.jpg 1024w, https:\/\/www.espacoamazonico.com.br\/wp-content\/uploads\/2020\/08\/IMG_6126-1365x2048.jpg 1365w\" sizes=\"(max-width: 767px) 89vw, (max-width: 1000px) 54vw, (max-width: 1071px) 543px, 580px\" \/>Nasceu em Manaus, Estado do Amazonas. Sua m\u00e3e, tamb\u00e9m amazonense, era professora normalista, e seu pai, natural do Cear\u00e1, era militar do Ex\u00e9rcito.&nbsp;<br><br>Come\u00e7ou suas atividades profissionais como rep\u00f3rter do Jornal e do Di\u00e1rio da Tarde, \u00f3rg\u00e3os da imprensa amazonense, aos dezoito anos de idade, quando ainda cursava o terceiro ano cient\u00edfico no tradicional Col\u00e9gio Estadual do Amazonas, antigo Gin\u00e1sio Amazonense Pedro II. Fazia a cobertura do Pal\u00e1cio Rio Negro, sede do Governo do Estado do Amazonas, da Assembleia Legislativa do Estado e da C\u00e2mara Municipal de Manaus.&nbsp;<br><br>Realizado o curso cient\u00edfico, ingressou na Faculdade de Direito do Amazonas, onde foi Diretor do Centro Acad\u00eamico e da Folha Acad\u00eamica, sendo o orador da Turma do Cinquenten\u00e1rio da referida Escola de Ensino Superior, em 1959.&nbsp;<br><br>Paralelamente ao Curso de Direito, formou-se em Contabilidade, sendo o orador da Turma.&nbsp;<br><br>Ao mesmo tempo em que exercia atividades jornal\u00edsticas, ensinou Hist\u00f3ria Geral e do Brasil em estabelecimentos de ensino secund\u00e1rio, logrando obter uma boa experi\u00eancia como professor.&nbsp;<br><br>Logo ap\u00f3s formado em Direito, exerceu o cargo de Delegado Especializado de Tr\u00e2nsito do Amazonas. Posteriormente, ingressou na carreira de Procurador da antiga Zona Franca de Manaus criada pela lei n\u00ba 3.173, de 6 de junho de 1957.&nbsp;<br><br>Em 1964 ascendeu ao cargo de Superintendente da Autarquia, situa\u00e7\u00e3o exercida at\u00e9 a sua reestrutura\u00e7\u00e3o atrav\u00e9s do decreto-lei 288\/67.&nbsp;<br><br>Foi o Primeiro Superintendente da Superintend\u00eancia da Zona Franca de Manaus-SUFRAMA, criada pelo decreto-lei 288\/67, acima mencionado, no per\u00edodo de fevereiro a junho do mesmo ano.&nbsp;<br><br>Ap\u00f3s deixar a dire\u00e7\u00e3o da SUFRAMA, voltou \u00e0s suas atividades como Procurador, tendo sido o Chefe da Procuradoria Jur\u00eddica da SUFRAMA, de 1967 a 1978.&nbsp;<br><br>Na Universidade do Amazonas, foi professor de v\u00e1rias cadeiras nos cursos de Economia e de Direito, havendo sido, inclusive, Vice-Diretor e Diretor, em exerc\u00edcio, da Faculdade de Ci\u00eancias Econ\u00f4micas, e Membro do Conselho Universit\u00e1rio da UA. Aposentou-se como Professor Titular junto ao Departamento de Direito P\u00fablico.&nbsp;<br><br>Exerceu diversos cargos na estrutura jur\u00eddica do Estado do Amazonas, tais como: Diretor de Or\u00e7amento do Estado, Diretor, em exerc\u00edcio do Departamento do Servi\u00e7o P\u00fablico do Estado do Amazonas, Consultor Jur\u00eddico da Comiss\u00e3o de Desenvolvimento Econ\u00f4mico do Estado do Amazonas, Advogado do Departamento de Assist\u00eancia e Previd\u00eancia do Amazonas, Advogado da Companhia de Habita\u00e7\u00e3o do Estado do Amazonas, Advogado da Companhia de Transportes do Estado do Amazonas, etc.&nbsp;<br><br>Obteve o primeiro lugar no Concurso para o Minist\u00e9rio P\u00fablico havendo sido nomeado Promotor do Munic\u00edpio de Canutama, no Estado do Amazonas.&nbsp;<br><br>Exerceu, tamb\u00e9m, o cargo de Procurador credenciado do antigo Instituto de Aposentadoria e Pens\u00f5es dos Banc\u00e1rios.&nbsp;<br><br>Em 1966 foi eleito Vice-Presidente da OAB\/AM e, dois anos depois, foi eleito Presidente da referida entidade, havendo exercido o cargo de 1\u00ba de fevereiro de 1969 a 31 de janeiro de 1971. Dinamizou a vida da entidade, havendo sido agraciado com o Trof\u00e9u Waldemar Pedrosa, em\u00e9rito jurista e ex-Senador da Rep\u00fablica, \u201cem reconhecimento pelos trabalhos em favor da classe dos advogados e das institui\u00e7\u00f5es jur\u00eddicas\u201d.&nbsp;<br><br>Na ADESG, Delegacia do Amazonas, fez o Ciclo de Estudos, em 1978, havendo sido, por alguns anos, Coordenador da referida Delegacia.&nbsp;<br>Em 1984, cursou a Escola Superior de Guerra, na Fortaleza de S\u00e3o Jo\u00e3o, no Rio de Janeiro, onde concluiu o Curso Superior&nbsp;de Guerra, tendo sido o Relator do Trabalho intitulado \u201cParlamentarismo versus Presidencialismo. An\u00e1lise Prospectiva\u201d.&nbsp;<br><br>De regresso a Manaus, passou a exercer o cargo de Assessor Jur\u00eddico do 7\u00ba COMAR, onde veio a se aposentar como Advogado da Uni\u00e3o, Classe Especial.<br><br>Foi apresentador do Programa \u201cEncontro com o Povo\u201d, da Rede Amaz\u00f4nica de Televis\u00e3o, com entrevistas sobre os mais variados assuntos de interesse local, regional e nacional.&nbsp;<br><br>Foi Presidente do Rotary Clube Manaus-Adrian\u00f3polis, na capital amazonense.&nbsp;<br><br>Pertence ao Rotary Club do Rio de Janeiro, onde exerceu as atividades de 2\u00ba Secret\u00e1rio e Editor da p\u00e1gina do Rotary no Jornal do Com\u00e9rcio, hoje extinto.&nbsp;<br><br>Na ADESG, Administra\u00e7\u00e3o Nacional, exerceu as atividades de 2\u00ba Secret\u00e1rio, Diretor do Departamento Jur\u00eddico, Editor do jornal ADESGUIANO, e de Presidente do Conselho Superior da entidade, sendo detentor da Medalha do M\u00e9rito Adesguiano.&nbsp;<br><br>Em 1970, quando da abertura do Ano Letivo da Universidade do Amazonas proferiu a \u201cAula Magna\u201d, falando acerca do tema: A Zona Franca de Manaus e a Amaz\u00f4nia Ocidental.&nbsp;<br><br>No ano de 1997 participou, como conferencista, sob os ausp\u00edcios da Escola Superior de Guerra e outras importantes institui\u00e7\u00f5es brasileiras, de Confer\u00eancia sobre a Amaz\u00f4nia Brasileira, abordando o tema \u201cA Amaz\u00f4nia e a Cobi\u00e7a Internacional\u201d.&nbsp;<br><br>Em 2010 proferiu palestras sobre a Amaz\u00f4nia no Rotary Clube do Rio de Janeiro e na Ma\u00e7onaria.&nbsp;<br><br>Tamb\u00e9m em 2010, ingressou na Academia Brasileira de Ci\u00eancias Morais e Pol\u00edticas, ocupando a cadeira n\u00ba 32, que tem como Patrono o Jurista e Pol\u00edtico mineiro Milton Campos, sendo seu Primeiro Vice-Presidente.&nbsp;<br><br><br>\u00c9 Professor Titular, Advogado da Uni\u00e3o, Aposentado, e Jornalista.&nbsp;<br><br>Atividade atual: Advogado.<\/p>\n\n\n\n<center><a href=\"javascript:history.back()\">VOLTAR<\/a><\/center>\n","protected":false},"excerpt":{"rendered":"<p>JOS\u00c9 ROBERTO DE SOUZA CAVALCANTE Nasceu em Manaus, Estado do Amazonas. Sua m\u00e3e, tamb\u00e9m amazonense, era professora normalista, e seu pai, natural do Cear\u00e1, era militar do Ex\u00e9rcito.&nbsp; Come\u00e7ou suas atividades profissionais como rep\u00f3rter do Jornal e do Di\u00e1rio da Tarde, \u00f3rg\u00e3os da imprensa amazonense, aos dezoito anos de idade, quando ainda cursava o terceiro &hellip; <\/p>\n<p class=\"link-more\"><a href=\"https:\/\/www.espacoamazonico.com.br\/?page_id=439\" class=\"more-link\">Continue lendo<span class=\"screen-reader-text\"> &#8220;Sobre o Autor&#8221;<\/span><\/a><\/p>\n","protected":false},"author":6,"featured_media":0,"parent":0,"menu_order":0,"comment_status":"closed","ping_status":"closed","template":"","meta":[],"jetpack_sharing_enabled":true,"_links":{"self":[{"href":"https:\/\/www.espacoamazonico.com.br\/index.php?rest_route=\/wp\/v2\/pages\/439"}],"collection":[{"href":"https:\/\/www.espacoamazonico.com.br\/index.php?rest_route=\/wp\/v2\/pages"}],"about":[{"href":"https:\/\/www.espacoamazonico.com.br\/index.php?rest_route=\/wp\/v2\/types\/page"}],"author":[{"embeddable":true,"href":"https:\/\/www.espacoamazonico.com.br\/index.php?rest_route=\/wp\/v2\/users\/6"}],"replies":[{"embeddable":true,"href":"https:\/\/www.espacoamazonico.com.br\/index.php?rest_route=%2Fwp%2Fv2%2Fcomments&post=439"}],"version-history":[{"count":7,"href":"https:\/\/www.espacoamazonico.com.br\/index.php?rest_route=\/wp\/v2\/pages\/439\/revisions"}],"predecessor-version":[{"id":573,"href":"https:\/\/www.espacoamazonico.com.br\/index.php?rest_route=\/wp\/v2\/pages\/439\/revisions\/573"}],"wp:attachment":[{"href":"https:\/\/www.espacoamazonico.com.br\/index.php?rest_route=%2Fwp%2Fv2%2Fmedia&parent=439"}],"curies":[{"name":"wp","href":"https:\/\/api.w.org\/{rel}","templated":true}]}}