{"id":477,"date":"2020-08-11T14:39:12","date_gmt":"2020-08-11T17:39:12","guid":{"rendered":"https:\/\/www.espacoamazonico.com.br\/?page_id=477"},"modified":"2020-09-10T21:34:19","modified_gmt":"2020-09-11T00:34:19","slug":"espaco-amazonico","status":"publish","type":"page","link":"https:\/\/www.espacoamazonico.com.br\/?page_id=477","title":{"rendered":"Espa\u00e7o Amaz\u00f4nico"},"content":{"rendered":"\n<div class=\"wp-block-image\"><figure class=\"aligncenter size-large\"><img decoding=\"async\" loading=\"lazy\" width=\"500\" height=\"300\" src=\"https:\/\/www.espacoamazonico.com.br\/wp-content\/uploads\/2020\/08\/Acr90580381119936-115982.jpg\" alt=\"\" class=\"wp-image-479\" srcset=\"https:\/\/www.espacoamazonico.com.br\/wp-content\/uploads\/2020\/08\/Acr90580381119936-115982.jpg 500w, https:\/\/www.espacoamazonico.com.br\/wp-content\/uploads\/2020\/08\/Acr90580381119936-115982-300x180.jpg 300w\" sizes=\"(max-width: 500px) 100vw, 500px\" \/><\/figure><\/div>\n\n\n\n<p><strong>A Amaz\u00f4nia era conhecida, apenas, por seus mist\u00e9rios insond\u00e1veis, por suas lendas e por seus mitos, pela beleza e impon\u00eancia de suas \u00e1rvores gigantescas, pelo fasc\u00ednio da vit\u00f3ria r\u00e9gia, de seus rios caudalosos e de seus igarap\u00e9s de \u00e1gua fria e refrescante.<\/strong><\/p>\n\n\n\n<p><strong>Hoje, a Amaz\u00f4nia \u00e9 vista com olhos de cobi\u00e7a por parte das na\u00e7\u00f5es poderosas do mundo, em face do seu potencial incomensur\u00e1vel de riquezas.<\/strong><\/p>\n\n\n\n<p><strong>Grande parte da \u00e1gua doce do mundo est\u00e1 na Amaz\u00f4nia. Seu solo e subsolo s\u00e3o riqu\u00edssimos em minerais, sem falar em sua biodiversidade que tem despertado a aten\u00e7\u00e3o do mundo.<\/strong><\/p>\n\n\n\n<p><strong>Assim, toda voz em defesa da Amaz\u00f4nia ser\u00e1 por certo bem recebida pelos brasileiros e patriotas que amam esse peda\u00e7o do Brasil que nos foi legado pela bravura de nossos antepassados.<\/strong><\/p>\n\n\n\n<p><strong>Al\u00e9m de falar sobre Amaz\u00f4nia o site, como o pr\u00f3prio nome sugere, ser\u00e1 um espa\u00e7o imenso capaz de abrigar coment\u00e1rios e not\u00edcias diversos, de leitura r\u00e1pida, t\u00e3o ao agrado dos leitores da atualidade, que disp\u00f5em de pouco tempo.<\/strong><\/p>\n\n\n\n<p><strong>Visa, assim, o Espa\u00e7o Amaz\u00f4nico, ser \u00fatil, de alguma forma, aos que dedicarem um minutinho do seu lazer intelectual para visit\u00e1-lo.<\/strong><\/p>\n\n\n\n<center><a href=\"javascript:history.back()\">VOLTAR<\/a><\/center>\n","protected":false},"excerpt":{"rendered":"<p>A Amaz\u00f4nia era conhecida, apenas, por seus mist\u00e9rios insond\u00e1veis, por suas lendas e por seus mitos, pela beleza e impon\u00eancia de suas \u00e1rvores gigantescas, pelo fasc\u00ednio da vit\u00f3ria r\u00e9gia, de seus rios caudalosos e de seus igarap\u00e9s de \u00e1gua fria e refrescante. Hoje, a Amaz\u00f4nia \u00e9 vista com olhos de cobi\u00e7a por parte das na\u00e7\u00f5es &hellip; <\/p>\n<p class=\"link-more\"><a href=\"https:\/\/www.espacoamazonico.com.br\/?page_id=477\" class=\"more-link\">Continue lendo<span class=\"screen-reader-text\"> &#8220;Espa\u00e7o Amaz\u00f4nico&#8221;<\/span><\/a><\/p>\n","protected":false},"author":6,"featured_media":0,"parent":0,"menu_order":0,"comment_status":"closed","ping_status":"closed","template":"","meta":[],"jetpack_sharing_enabled":true,"_links":{"self":[{"href":"https:\/\/www.espacoamazonico.com.br\/index.php?rest_route=\/wp\/v2\/pages\/477"}],"collection":[{"href":"https:\/\/www.espacoamazonico.com.br\/index.php?rest_route=\/wp\/v2\/pages"}],"about":[{"href":"https:\/\/www.espacoamazonico.com.br\/index.php?rest_route=\/wp\/v2\/types\/page"}],"author":[{"embeddable":true,"href":"https:\/\/www.espacoamazonico.com.br\/index.php?rest_route=\/wp\/v2\/users\/6"}],"replies":[{"embeddable":true,"href":"https:\/\/www.espacoamazonico.com.br\/index.php?rest_route=%2Fwp%2Fv2%2Fcomments&post=477"}],"version-history":[{"count":4,"href":"https:\/\/www.espacoamazonico.com.br\/index.php?rest_route=\/wp\/v2\/pages\/477\/revisions"}],"predecessor-version":[{"id":773,"href":"https:\/\/www.espacoamazonico.com.br\/index.php?rest_route=\/wp\/v2\/pages\/477\/revisions\/773"}],"wp:attachment":[{"href":"https:\/\/www.espacoamazonico.com.br\/index.php?rest_route=%2Fwp%2Fv2%2Fmedia&parent=477"}],"curies":[{"name":"wp","href":"https:\/\/api.w.org\/{rel}","templated":true}]}}