{"id":908,"date":"2020-09-18T20:34:44","date_gmt":"2020-09-18T23:34:44","guid":{"rendered":"https:\/\/www.espacoamazonico.com.br\/?page_id=908"},"modified":"2020-09-18T20:47:32","modified_gmt":"2020-09-18T23:47:32","slug":"branca-amande-cavalcante","status":"publish","type":"page","link":"https:\/\/www.espacoamazonico.com.br\/?page_id=908","title":{"rendered":"Colaboradora"},"content":{"rendered":"\n<p>Este site conta com a colabora\u00e7\u00e3o da Dra. Branca Amande Cavalcante, esposa do Autor, primeira mulher a ocupar a Magistratura no Estado do Amazonas.<\/p>\n\n\n\n<p>Professora Universit\u00e1ria e Procuradora, a Dra. Branca, como \u00e9 conhecida, \u00e9 pintora por diletantismo, e j\u00e1 apresentou alguns de seus quadros em exposi\u00e7\u00f5es no Clube Naval, Forte de Copacabana e Casa do Minho.<\/p>\n\n\n\n<p>A colabora\u00e7\u00e3o da Dra. Branca n\u00e3o se prende apenas \u00e0 apresenta\u00e7\u00e3o de suas telas, como tamb\u00e9m de importantes artigos de grande inspira\u00e7\u00e3o intelectual.<\/p>\n\n\n\n<figure class=\"wp-block-gallery columns-3 is-cropped wp-block-gallery-1 is-layout-flex\"><ul class=\"blocks-gallery-grid\"><li class=\"blocks-gallery-item\"><figure><img decoding=\"async\" loading=\"lazy\" width=\"1024\" height=\"768\" src=\"https:\/\/www.espacoamazonico.com.br\/wp-content\/uploads\/2020\/09\/QUADRO-PINTADOS-PELA-DRA.-BRANCA-001-1024x768.jpg\" alt=\"\" data-id=\"790\" data-full-url=\"https:\/\/www.espacoamazonico.com.br\/wp-content\/uploads\/2020\/09\/QUADRO-PINTADOS-PELA-DRA.-BRANCA-001-scaled.jpg\" data-link=\"https:\/\/www.espacoamazonico.com.br\/?attachment_id=790\" class=\"wp-image-790\" srcset=\"https:\/\/www.espacoamazonico.com.br\/wp-content\/uploads\/2020\/09\/QUADRO-PINTADOS-PELA-DRA.-BRANCA-001-1024x768.jpg 1024w, https:\/\/www.espacoamazonico.com.br\/wp-content\/uploads\/2020\/09\/QUADRO-PINTADOS-PELA-DRA.-BRANCA-001-300x225.jpg 300w, https:\/\/www.espacoamazonico.com.br\/wp-content\/uploads\/2020\/09\/QUADRO-PINTADOS-PELA-DRA.-BRANCA-001-768x576.jpg 768w, https:\/\/www.espacoamazonico.com.br\/wp-content\/uploads\/2020\/09\/QUADRO-PINTADOS-PELA-DRA.-BRANCA-001-1536x1152.jpg 1536w, https:\/\/www.espacoamazonico.com.br\/wp-content\/uploads\/2020\/09\/QUADRO-PINTADOS-PELA-DRA.-BRANCA-001-2048x1536.jpg 2048w\" sizes=\"(max-width: 767px) 89vw, (max-width: 1000px) 54vw, (max-width: 1071px) 543px, 580px\" \/><\/figure><\/li><li class=\"blocks-gallery-item\"><figure><img decoding=\"async\" loading=\"lazy\" width=\"1024\" height=\"768\" src=\"https:\/\/www.espacoamazonico.com.br\/wp-content\/uploads\/2020\/09\/QUADRO-PINTADOS-PELA-DRA.-BRANCA-004-1024x768.jpg\" alt=\"\" data-id=\"749\" data-full-url=\"https:\/\/www.espacoamazonico.com.br\/wp-content\/uploads\/2020\/09\/QUADRO-PINTADOS-PELA-DRA.-BRANCA-004-scaled.jpg\" data-link=\"https:\/\/www.espacoamazonico.com.br\/?attachment_id=749\" class=\"wp-image-749\" srcset=\"https:\/\/www.espacoamazonico.com.br\/wp-content\/uploads\/2020\/09\/QUADRO-PINTADOS-PELA-DRA.-BRANCA-004-1024x768.jpg 1024w, https:\/\/www.espacoamazonico.com.br\/wp-content\/uploads\/2020\/09\/QUADRO-PINTADOS-PELA-DRA.-BRANCA-004-300x225.jpg 300w, https:\/\/www.espacoamazonico.com.br\/wp-content\/uploads\/2020\/09\/QUADRO-PINTADOS-PELA-DRA.-BRANCA-004-768x576.jpg 768w, https:\/\/www.espacoamazonico.com.br\/wp-content\/uploads\/2020\/09\/QUADRO-PINTADOS-PELA-DRA.-BRANCA-004-1536x1152.jpg 1536w, https:\/\/www.espacoamazonico.com.br\/wp-content\/uploads\/2020\/09\/QUADRO-PINTADOS-PELA-DRA.-BRANCA-004-2048x1536.jpg 2048w\" sizes=\"(max-width: 767px) 89vw, (max-width: 1000px) 54vw, (max-width: 1071px) 543px, 580px\" \/><\/figure><\/li><li class=\"blocks-gallery-item\"><figure><img decoding=\"async\" loading=\"lazy\" width=\"1024\" height=\"768\" src=\"https:\/\/www.espacoamazonico.com.br\/wp-content\/uploads\/2020\/09\/QUADRO-PINTADOS-PELA-DRA.-BRANCA-008-1024x768.jpg\" alt=\"\" data-id=\"750\" data-full-url=\"https:\/\/www.espacoamazonico.com.br\/wp-content\/uploads\/2020\/09\/QUADRO-PINTADOS-PELA-DRA.-BRANCA-008-scaled.jpg\" data-link=\"https:\/\/www.espacoamazonico.com.br\/?attachment_id=750\" class=\"wp-image-750\" srcset=\"https:\/\/www.espacoamazonico.com.br\/wp-content\/uploads\/2020\/09\/QUADRO-PINTADOS-PELA-DRA.-BRANCA-008-1024x768.jpg 1024w, https:\/\/www.espacoamazonico.com.br\/wp-content\/uploads\/2020\/09\/QUADRO-PINTADOS-PELA-DRA.-BRANCA-008-300x225.jpg 300w, https:\/\/www.espacoamazonico.com.br\/wp-content\/uploads\/2020\/09\/QUADRO-PINTADOS-PELA-DRA.-BRANCA-008-768x576.jpg 768w, https:\/\/www.espacoamazonico.com.br\/wp-content\/uploads\/2020\/09\/QUADRO-PINTADOS-PELA-DRA.-BRANCA-008-1536x1152.jpg 1536w, https:\/\/www.espacoamazonico.com.br\/wp-content\/uploads\/2020\/09\/QUADRO-PINTADOS-PELA-DRA.-BRANCA-008-2048x1536.jpg 2048w\" sizes=\"(max-width: 767px) 89vw, (max-width: 1000px) 54vw, (max-width: 1071px) 543px, 580px\" \/><\/figure><\/li><li class=\"blocks-gallery-item\"><figure><img decoding=\"async\" loading=\"lazy\" width=\"1024\" height=\"768\" src=\"https:\/\/www.espacoamazonico.com.br\/wp-content\/uploads\/2020\/09\/QUADRO-PINTADOS-PELA-DRA.-BRANCA-007-1024x768.jpg\" alt=\"\" data-id=\"751\" data-full-url=\"https:\/\/www.espacoamazonico.com.br\/wp-content\/uploads\/2020\/09\/QUADRO-PINTADOS-PELA-DRA.-BRANCA-007-scaled.jpg\" data-link=\"https:\/\/www.espacoamazonico.com.br\/?attachment_id=751\" class=\"wp-image-751\" srcset=\"https:\/\/www.espacoamazonico.com.br\/wp-content\/uploads\/2020\/09\/QUADRO-PINTADOS-PELA-DRA.-BRANCA-007-1024x768.jpg 1024w, https:\/\/www.espacoamazonico.com.br\/wp-content\/uploads\/2020\/09\/QUADRO-PINTADOS-PELA-DRA.-BRANCA-007-300x225.jpg 300w, https:\/\/www.espacoamazonico.com.br\/wp-content\/uploads\/2020\/09\/QUADRO-PINTADOS-PELA-DRA.-BRANCA-007-768x576.jpg 768w, https:\/\/www.espacoamazonico.com.br\/wp-content\/uploads\/2020\/09\/QUADRO-PINTADOS-PELA-DRA.-BRANCA-007-1536x1152.jpg 1536w, https:\/\/www.espacoamazonico.com.br\/wp-content\/uploads\/2020\/09\/QUADRO-PINTADOS-PELA-DRA.-BRANCA-007-2048x1536.jpg 2048w\" sizes=\"(max-width: 767px) 89vw, (max-width: 1000px) 54vw, (max-width: 1071px) 543px, 580px\" \/><\/figure><\/li><li class=\"blocks-gallery-item\"><figure><img decoding=\"async\" loading=\"lazy\" width=\"1024\" height=\"768\" src=\"https:\/\/www.espacoamazonico.com.br\/wp-content\/uploads\/2020\/09\/QUADRO-PINTADOS-PELA-DRA.-BRANCA-005-1024x768.jpg\" alt=\"\" data-id=\"752\" data-full-url=\"https:\/\/www.espacoamazonico.com.br\/wp-content\/uploads\/2020\/09\/QUADRO-PINTADOS-PELA-DRA.-BRANCA-005-scaled.jpg\" data-link=\"https:\/\/www.espacoamazonico.com.br\/?attachment_id=752\" class=\"wp-image-752\" srcset=\"https:\/\/www.espacoamazonico.com.br\/wp-content\/uploads\/2020\/09\/QUADRO-PINTADOS-PELA-DRA.-BRANCA-005-1024x768.jpg 1024w, https:\/\/www.espacoamazonico.com.br\/wp-content\/uploads\/2020\/09\/QUADRO-PINTADOS-PELA-DRA.-BRANCA-005-300x225.jpg 300w, https:\/\/www.espacoamazonico.com.br\/wp-content\/uploads\/2020\/09\/QUADRO-PINTADOS-PELA-DRA.-BRANCA-005-768x576.jpg 768w, https:\/\/www.espacoamazonico.com.br\/wp-content\/uploads\/2020\/09\/QUADRO-PINTADOS-PELA-DRA.-BRANCA-005-1536x1152.jpg 1536w, https:\/\/www.espacoamazonico.com.br\/wp-content\/uploads\/2020\/09\/QUADRO-PINTADOS-PELA-DRA.-BRANCA-005-2048x1536.jpg 2048w\" sizes=\"(max-width: 767px) 89vw, (max-width: 1000px) 54vw, (max-width: 1071px) 543px, 580px\" \/><\/figure><\/li><li class=\"blocks-gallery-item\"><figure><img decoding=\"async\" loading=\"lazy\" width=\"1024\" height=\"768\" src=\"https:\/\/www.espacoamazonico.com.br\/wp-content\/uploads\/2020\/09\/QUADRO-PINTADOS-PELA-DRA.-BRANCA-003-1024x768.jpg\" alt=\"\" data-id=\"755\" data-full-url=\"https:\/\/www.espacoamazonico.com.br\/wp-content\/uploads\/2020\/09\/QUADRO-PINTADOS-PELA-DRA.-BRANCA-003-scaled.jpg\" data-link=\"https:\/\/www.espacoamazonico.com.br\/?attachment_id=755\" class=\"wp-image-755\" srcset=\"https:\/\/www.espacoamazonico.com.br\/wp-content\/uploads\/2020\/09\/QUADRO-PINTADOS-PELA-DRA.-BRANCA-003-1024x768.jpg 1024w, https:\/\/www.espacoamazonico.com.br\/wp-content\/uploads\/2020\/09\/QUADRO-PINTADOS-PELA-DRA.-BRANCA-003-300x225.jpg 300w, https:\/\/www.espacoamazonico.com.br\/wp-content\/uploads\/2020\/09\/QUADRO-PINTADOS-PELA-DRA.-BRANCA-003-768x576.jpg 768w, https:\/\/www.espacoamazonico.com.br\/wp-content\/uploads\/2020\/09\/QUADRO-PINTADOS-PELA-DRA.-BRANCA-003-1536x1152.jpg 1536w, https:\/\/www.espacoamazonico.com.br\/wp-content\/uploads\/2020\/09\/QUADRO-PINTADOS-PELA-DRA.-BRANCA-003-2048x1536.jpg 2048w\" sizes=\"(max-width: 767px) 89vw, (max-width: 1000px) 54vw, (max-width: 1071px) 543px, 580px\" \/><\/figure><\/li><li class=\"blocks-gallery-item\"><figure><img decoding=\"async\" loading=\"lazy\" width=\"1024\" height=\"768\" src=\"https:\/\/www.espacoamazonico.com.br\/wp-content\/uploads\/2020\/09\/QUADRO-PINTADOS-PELA-DRA.-BRANCA-020-1024x768.jpg\" alt=\"\" data-id=\"758\" data-full-url=\"https:\/\/www.espacoamazonico.com.br\/wp-content\/uploads\/2020\/09\/QUADRO-PINTADOS-PELA-DRA.-BRANCA-020-scaled.jpg\" data-link=\"https:\/\/www.espacoamazonico.com.br\/?attachment_id=758\" class=\"wp-image-758\" srcset=\"https:\/\/www.espacoamazonico.com.br\/wp-content\/uploads\/2020\/09\/QUADRO-PINTADOS-PELA-DRA.-BRANCA-020-1024x768.jpg 1024w, https:\/\/www.espacoamazonico.com.br\/wp-content\/uploads\/2020\/09\/QUADRO-PINTADOS-PELA-DRA.-BRANCA-020-300x225.jpg 300w, https:\/\/www.espacoamazonico.com.br\/wp-content\/uploads\/2020\/09\/QUADRO-PINTADOS-PELA-DRA.-BRANCA-020-768x576.jpg 768w, https:\/\/www.espacoamazonico.com.br\/wp-content\/uploads\/2020\/09\/QUADRO-PINTADOS-PELA-DRA.-BRANCA-020-1536x1152.jpg 1536w, https:\/\/www.espacoamazonico.com.br\/wp-content\/uploads\/2020\/09\/QUADRO-PINTADOS-PELA-DRA.-BRANCA-020-2048x1536.jpg 2048w\" sizes=\"(max-width: 767px) 89vw, (max-width: 1000px) 54vw, (max-width: 1071px) 543px, 580px\" \/><\/figure><\/li><li class=\"blocks-gallery-item\"><figure><img decoding=\"async\" loading=\"lazy\" width=\"1024\" height=\"768\" src=\"https:\/\/www.espacoamazonico.com.br\/wp-content\/uploads\/2020\/09\/QUADRO-PINTADOS-PELA-DRA.-BRANCA-016-1024x768.jpg\" alt=\"\" data-id=\"759\" data-full-url=\"https:\/\/www.espacoamazonico.com.br\/wp-content\/uploads\/2020\/09\/QUADRO-PINTADOS-PELA-DRA.-BRANCA-016-scaled.jpg\" data-link=\"https:\/\/www.espacoamazonico.com.br\/?attachment_id=759\" class=\"wp-image-759\" srcset=\"https:\/\/www.espacoamazonico.com.br\/wp-content\/uploads\/2020\/09\/QUADRO-PINTADOS-PELA-DRA.-BRANCA-016-1024x768.jpg 1024w, https:\/\/www.espacoamazonico.com.br\/wp-content\/uploads\/2020\/09\/QUADRO-PINTADOS-PELA-DRA.-BRANCA-016-300x225.jpg 300w, https:\/\/www.espacoamazonico.com.br\/wp-content\/uploads\/2020\/09\/QUADRO-PINTADOS-PELA-DRA.-BRANCA-016-768x576.jpg 768w, https:\/\/www.espacoamazonico.com.br\/wp-content\/uploads\/2020\/09\/QUADRO-PINTADOS-PELA-DRA.-BRANCA-016-1536x1152.jpg 1536w, https:\/\/www.espacoamazonico.com.br\/wp-content\/uploads\/2020\/09\/QUADRO-PINTADOS-PELA-DRA.-BRANCA-016-2048x1536.jpg 2048w\" sizes=\"(max-width: 767px) 89vw, (max-width: 1000px) 54vw, (max-width: 1071px) 543px, 580px\" \/><\/figure><\/li><li class=\"blocks-gallery-item\"><figure><img decoding=\"async\" loading=\"lazy\" width=\"1024\" height=\"768\" src=\"https:\/\/www.espacoamazonico.com.br\/wp-content\/uploads\/2020\/09\/QUADRO-PINTADOS-PELA-DRA.-BRANCA-010-1024x768.jpg\" alt=\"\" data-id=\"760\" data-full-url=\"https:\/\/www.espacoamazonico.com.br\/wp-content\/uploads\/2020\/09\/QUADRO-PINTADOS-PELA-DRA.-BRANCA-010-scaled.jpg\" data-link=\"https:\/\/www.espacoamazonico.com.br\/?attachment_id=760\" class=\"wp-image-760\" srcset=\"https:\/\/www.espacoamazonico.com.br\/wp-content\/uploads\/2020\/09\/QUADRO-PINTADOS-PELA-DRA.-BRANCA-010-1024x768.jpg 1024w, https:\/\/www.espacoamazonico.com.br\/wp-content\/uploads\/2020\/09\/QUADRO-PINTADOS-PELA-DRA.-BRANCA-010-300x225.jpg 300w, https:\/\/www.espacoamazonico.com.br\/wp-content\/uploads\/2020\/09\/QUADRO-PINTADOS-PELA-DRA.-BRANCA-010-768x576.jpg 768w, https:\/\/www.espacoamazonico.com.br\/wp-content\/uploads\/2020\/09\/QUADRO-PINTADOS-PELA-DRA.-BRANCA-010-1536x1152.jpg 1536w, https:\/\/www.espacoamazonico.com.br\/wp-content\/uploads\/2020\/09\/QUADRO-PINTADOS-PELA-DRA.-BRANCA-010-2048x1536.jpg 2048w\" sizes=\"(max-width: 767px) 89vw, (max-width: 1000px) 54vw, (max-width: 1071px) 543px, 580px\" \/><\/figure><\/li><li class=\"blocks-gallery-item\"><figure><img decoding=\"async\" loading=\"lazy\" width=\"1024\" height=\"768\" src=\"https:\/\/www.espacoamazonico.com.br\/wp-content\/uploads\/2020\/09\/QUADRO-PINTADOS-PELA-DRA.-BRANCA-019-1024x768.jpg\" alt=\"\" data-id=\"763\" data-full-url=\"https:\/\/www.espacoamazonico.com.br\/wp-content\/uploads\/2020\/09\/QUADRO-PINTADOS-PELA-DRA.-BRANCA-019-scaled.jpg\" data-link=\"https:\/\/www.espacoamazonico.com.br\/?attachment_id=763\" class=\"wp-image-763\" srcset=\"https:\/\/www.espacoamazonico.com.br\/wp-content\/uploads\/2020\/09\/QUADRO-PINTADOS-PELA-DRA.-BRANCA-019-1024x768.jpg 1024w, https:\/\/www.espacoamazonico.com.br\/wp-content\/uploads\/2020\/09\/QUADRO-PINTADOS-PELA-DRA.-BRANCA-019-300x225.jpg 300w, https:\/\/www.espacoamazonico.com.br\/wp-content\/uploads\/2020\/09\/QUADRO-PINTADOS-PELA-DRA.-BRANCA-019-768x576.jpg 768w, https:\/\/www.espacoamazonico.com.br\/wp-content\/uploads\/2020\/09\/QUADRO-PINTADOS-PELA-DRA.-BRANCA-019-1536x1152.jpg 1536w, https:\/\/www.espacoamazonico.com.br\/wp-content\/uploads\/2020\/09\/QUADRO-PINTADOS-PELA-DRA.-BRANCA-019-2048x1536.jpg 2048w\" sizes=\"(max-width: 767px) 89vw, (max-width: 1000px) 54vw, (max-width: 1071px) 543px, 580px\" \/><\/figure><\/li><li class=\"blocks-gallery-item\"><figure><img decoding=\"async\" loading=\"lazy\" width=\"1024\" height=\"768\" src=\"https:\/\/www.espacoamazonico.com.br\/wp-content\/uploads\/2020\/09\/QUADRO-PINTADOS-PELA-DRA.-BRANCA-017-1024x768.jpg\" alt=\"\" data-id=\"765\" data-full-url=\"https:\/\/www.espacoamazonico.com.br\/wp-content\/uploads\/2020\/09\/QUADRO-PINTADOS-PELA-DRA.-BRANCA-017-scaled.jpg\" data-link=\"https:\/\/www.espacoamazonico.com.br\/?attachment_id=765\" class=\"wp-image-765\" srcset=\"https:\/\/www.espacoamazonico.com.br\/wp-content\/uploads\/2020\/09\/QUADRO-PINTADOS-PELA-DRA.-BRANCA-017-1024x768.jpg 1024w, https:\/\/www.espacoamazonico.com.br\/wp-content\/uploads\/2020\/09\/QUADRO-PINTADOS-PELA-DRA.-BRANCA-017-300x225.jpg 300w, https:\/\/www.espacoamazonico.com.br\/wp-content\/uploads\/2020\/09\/QUADRO-PINTADOS-PELA-DRA.-BRANCA-017-768x576.jpg 768w, https:\/\/www.espacoamazonico.com.br\/wp-content\/uploads\/2020\/09\/QUADRO-PINTADOS-PELA-DRA.-BRANCA-017-1536x1152.jpg 1536w, https:\/\/www.espacoamazonico.com.br\/wp-content\/uploads\/2020\/09\/QUADRO-PINTADOS-PELA-DRA.-BRANCA-017-2048x1536.jpg 2048w\" sizes=\"(max-width: 767px) 89vw, (max-width: 1000px) 54vw, (max-width: 1071px) 543px, 580px\" \/><\/figure><\/li><li class=\"blocks-gallery-item\"><figure><img decoding=\"async\" loading=\"lazy\" width=\"1024\" height=\"768\" src=\"https:\/\/www.espacoamazonico.com.br\/wp-content\/uploads\/2020\/09\/QUADRO-PINTADOS-PELA-DRA.-BRANCA-015-1024x768.jpg\" alt=\"\" data-id=\"775\" data-full-url=\"https:\/\/www.espacoamazonico.com.br\/wp-content\/uploads\/2020\/09\/QUADRO-PINTADOS-PELA-DRA.-BRANCA-015-scaled.jpg\" data-link=\"https:\/\/www.espacoamazonico.com.br\/?attachment_id=775\" class=\"wp-image-775\" srcset=\"https:\/\/www.espacoamazonico.com.br\/wp-content\/uploads\/2020\/09\/QUADRO-PINTADOS-PELA-DRA.-BRANCA-015-1024x768.jpg 1024w, https:\/\/www.espacoamazonico.com.br\/wp-content\/uploads\/2020\/09\/QUADRO-PINTADOS-PELA-DRA.-BRANCA-015-300x225.jpg 300w, https:\/\/www.espacoamazonico.com.br\/wp-content\/uploads\/2020\/09\/QUADRO-PINTADOS-PELA-DRA.-BRANCA-015-768x576.jpg 768w, https:\/\/www.espacoamazonico.com.br\/wp-content\/uploads\/2020\/09\/QUADRO-PINTADOS-PELA-DRA.-BRANCA-015-1536x1152.jpg 1536w, https:\/\/www.espacoamazonico.com.br\/wp-content\/uploads\/2020\/09\/QUADRO-PINTADOS-PELA-DRA.-BRANCA-015-2048x1536.jpg 2048w\" sizes=\"(max-width: 767px) 89vw, (max-width: 1000px) 54vw, (max-width: 1071px) 543px, 580px\" \/><\/figure><\/li><li class=\"blocks-gallery-item\"><figure><img decoding=\"async\" loading=\"lazy\" width=\"1024\" height=\"768\" src=\"https:\/\/www.espacoamazonico.com.br\/wp-content\/uploads\/2020\/09\/QUADRO-PINTADOS-PELA-DRA.-BRANCA-018-1024x768.jpg\" alt=\"\" data-id=\"777\" data-full-url=\"https:\/\/www.espacoamazonico.com.br\/wp-content\/uploads\/2020\/09\/QUADRO-PINTADOS-PELA-DRA.-BRANCA-018-scaled.jpg\" data-link=\"https:\/\/www.espacoamazonico.com.br\/?attachment_id=777\" class=\"wp-image-777\" srcset=\"https:\/\/www.espacoamazonico.com.br\/wp-content\/uploads\/2020\/09\/QUADRO-PINTADOS-PELA-DRA.-BRANCA-018-1024x768.jpg 1024w, https:\/\/www.espacoamazonico.com.br\/wp-content\/uploads\/2020\/09\/QUADRO-PINTADOS-PELA-DRA.-BRANCA-018-300x225.jpg 300w, https:\/\/www.espacoamazonico.com.br\/wp-content\/uploads\/2020\/09\/QUADRO-PINTADOS-PELA-DRA.-BRANCA-018-768x576.jpg 768w, https:\/\/www.espacoamazonico.com.br\/wp-content\/uploads\/2020\/09\/QUADRO-PINTADOS-PELA-DRA.-BRANCA-018-1536x1152.jpg 1536w, https:\/\/www.espacoamazonico.com.br\/wp-content\/uploads\/2020\/09\/QUADRO-PINTADOS-PELA-DRA.-BRANCA-018-2048x1536.jpg 2048w\" sizes=\"(max-width: 767px) 89vw, (max-width: 1000px) 54vw, (max-width: 1071px) 543px, 580px\" \/><\/figure><\/li><li class=\"blocks-gallery-item\"><figure><img decoding=\"async\" loading=\"lazy\" width=\"1024\" height=\"768\" src=\"https:\/\/www.espacoamazonico.com.br\/wp-content\/uploads\/2020\/09\/QUADRO-PINTADOS-PELA-DRA.-BRANCA-013-1024x768.jpg\" alt=\"\" data-id=\"778\" data-full-url=\"https:\/\/www.espacoamazonico.com.br\/wp-content\/uploads\/2020\/09\/QUADRO-PINTADOS-PELA-DRA.-BRANCA-013-scaled.jpg\" data-link=\"https:\/\/www.espacoamazonico.com.br\/?attachment_id=778\" class=\"wp-image-778\" srcset=\"https:\/\/www.espacoamazonico.com.br\/wp-content\/uploads\/2020\/09\/QUADRO-PINTADOS-PELA-DRA.-BRANCA-013-1024x768.jpg 1024w, https:\/\/www.espacoamazonico.com.br\/wp-content\/uploads\/2020\/09\/QUADRO-PINTADOS-PELA-DRA.-BRANCA-013-300x225.jpg 300w, https:\/\/www.espacoamazonico.com.br\/wp-content\/uploads\/2020\/09\/QUADRO-PINTADOS-PELA-DRA.-BRANCA-013-768x576.jpg 768w, https:\/\/www.espacoamazonico.com.br\/wp-content\/uploads\/2020\/09\/QUADRO-PINTADOS-PELA-DRA.-BRANCA-013-1536x1152.jpg 1536w, https:\/\/www.espacoamazonico.com.br\/wp-content\/uploads\/2020\/09\/QUADRO-PINTADOS-PELA-DRA.-BRANCA-013-2048x1536.jpg 2048w\" sizes=\"(max-width: 767px) 89vw, (max-width: 1000px) 54vw, (max-width: 1071px) 543px, 580px\" \/><\/figure><\/li><li class=\"blocks-gallery-item\"><figure><img decoding=\"async\" loading=\"lazy\" width=\"1024\" height=\"768\" src=\"https:\/\/www.espacoamazonico.com.br\/wp-content\/uploads\/2020\/09\/QUADRO-PINTADOS-PELA-DRA.-BRANCA-009-1024x768.jpg\" alt=\"\" data-id=\"779\" data-full-url=\"https:\/\/www.espacoamazonico.com.br\/wp-content\/uploads\/2020\/09\/QUADRO-PINTADOS-PELA-DRA.-BRANCA-009-scaled.jpg\" data-link=\"https:\/\/www.espacoamazonico.com.br\/?attachment_id=779\" class=\"wp-image-779\" srcset=\"https:\/\/www.espacoamazonico.com.br\/wp-content\/uploads\/2020\/09\/QUADRO-PINTADOS-PELA-DRA.-BRANCA-009-1024x768.jpg 1024w, https:\/\/www.espacoamazonico.com.br\/wp-content\/uploads\/2020\/09\/QUADRO-PINTADOS-PELA-DRA.-BRANCA-009-300x225.jpg 300w, https:\/\/www.espacoamazonico.com.br\/wp-content\/uploads\/2020\/09\/QUADRO-PINTADOS-PELA-DRA.-BRANCA-009-768x576.jpg 768w, https:\/\/www.espacoamazonico.com.br\/wp-content\/uploads\/2020\/09\/QUADRO-PINTADOS-PELA-DRA.-BRANCA-009-1536x1152.jpg 1536w, https:\/\/www.espacoamazonico.com.br\/wp-content\/uploads\/2020\/09\/QUADRO-PINTADOS-PELA-DRA.-BRANCA-009-2048x1536.jpg 2048w\" sizes=\"(max-width: 767px) 89vw, (max-width: 1000px) 54vw, (max-width: 1071px) 543px, 580px\" \/><\/figure><\/li><\/ul><\/figure>\n\n\n\n<center><a href=\"javascript:history.back()\">VOLTAR<\/a><\/center>\n","protected":false},"excerpt":{"rendered":"<p>Este site conta com a colabora\u00e7\u00e3o da Dra. Branca Amande Cavalcante, esposa do Autor, primeira mulher a ocupar a Magistratura no Estado do Amazonas. Professora Universit\u00e1ria e Procuradora, a Dra. Branca, como \u00e9 conhecida, \u00e9 pintora por diletantismo, e j\u00e1 apresentou alguns de seus quadros em exposi\u00e7\u00f5es no Clube Naval, Forte de Copacabana e Casa &hellip; <\/p>\n<p class=\"link-more\"><a href=\"https:\/\/www.espacoamazonico.com.br\/?page_id=908\" class=\"more-link\">Continue lendo<span class=\"screen-reader-text\"> &#8220;Colaboradora&#8221;<\/span><\/a><\/p>\n","protected":false},"author":6,"featured_media":0,"parent":0,"menu_order":0,"comment_status":"closed","ping_status":"closed","template":"","meta":[],"jetpack_sharing_enabled":true,"_links":{"self":[{"href":"https:\/\/www.espacoamazonico.com.br\/index.php?rest_route=\/wp\/v2\/pages\/908"}],"collection":[{"href":"https:\/\/www.espacoamazonico.com.br\/index.php?rest_route=\/wp\/v2\/pages"}],"about":[{"href":"https:\/\/www.espacoamazonico.com.br\/index.php?rest_route=\/wp\/v2\/types\/page"}],"author":[{"embeddable":true,"href":"https:\/\/www.espacoamazonico.com.br\/index.php?rest_route=\/wp\/v2\/users\/6"}],"replies":[{"embeddable":true,"href":"https:\/\/www.espacoamazonico.com.br\/index.php?rest_route=%2Fwp%2Fv2%2Fcomments&post=908"}],"version-history":[{"count":4,"href":"https:\/\/www.espacoamazonico.com.br\/index.php?rest_route=\/wp\/v2\/pages\/908\/revisions"}],"predecessor-version":[{"id":919,"href":"https:\/\/www.espacoamazonico.com.br\/index.php?rest_route=\/wp\/v2\/pages\/908\/revisions\/919"}],"wp:attachment":[{"href":"https:\/\/www.espacoamazonico.com.br\/index.php?rest_route=%2Fwp%2Fv2%2Fmedia&parent=908"}],"curies":[{"name":"wp","href":"https:\/\/api.w.org\/{rel}","templated":true}]}}